{"id":4857,"date":"2025-12-27T18:32:16","date_gmt":"2025-12-27T17:32:16","guid":{"rendered":"https:\/\/www.ministranci.katowice.pl\/?page_id=4857"},"modified":"2025-12-27T18:35:14","modified_gmt":"2025-12-27T17:35:14","slug":"struktura-mszy-swietej","status":"publish","type":"page","link":"https:\/\/www.ministranci.katowice.pl\/?page_id=4857","title":{"rendered":"STRUKTURA MSZY \u015aWI\u0118TEJ"},"content":{"rendered":"\n<p><strong>Msza \u015bwi\u0119ta sk\u0142ada si\u0119 z dw\u00f3ch cz\u0119\u015bci: z Liturgii S\u0142owa i Liturgii Eucharystycznej \u015bci\u015ble ze sob\u0105 po\u0142\u0105czonych, tworz\u0105cych razem jeden akt kultu. Pozosta\u0142e obrz\u0119dy rozpoczynaj\u0105 i ko\u0144cz\u0105 liturgi\u0119 mszaln\u0105. Poszczeg\u00f3lne cz\u0119\u015bci Mszy \u015awi\u0119tej obejmuj\u0105 r\u00f3\u017cne elementy: modlitwy, czytania, pozdrowienia, aklamacje, obrz\u0119dy, znaki i procesje. W pewnych momentach Mszy zachowujemy \u015bwi\u0119te milczenie.<\/strong><\/p>\n\n\n\n<p>Obrz\u0119dy wst\u0119pne:<\/p>\n\n\n\n<ul class=\"wp-block-list\">\n<li>Wej\u015bcie z towarzysz\u0105cym \u015bpiewem<\/li>\n\n\n\n<li>Pozdrowienie wiernych<\/li>\n\n\n\n<li>S\u0142owo wprowadzenia (dowolne)<\/li>\n\n\n\n<li>Akt pokutny<\/li>\n\n\n\n<li>Kyrie eleison (o ile nie zasz\u0142o w akcie pokutnym)<\/li>\n\n\n\n<li>Gloria in excelsis Deo<\/li>\n\n\n\n<li>Modlitwa<\/li>\n<\/ul>\n\n\n\n<p>Liturgia S\u0142owa Bo\u017cego:<\/p>\n\n\n\n<ul class=\"wp-block-list\">\n<li>Czytania biblijne<\/li>\n\n\n\n<li>\u015apiewy mi\u0119dzy czytaniami<\/li>\n\n\n\n<li>Sekwencja<\/li>\n\n\n\n<li>Ewangelia<\/li>\n\n\n\n<li>Homilia<\/li>\n\n\n\n<li>Wyznanie wiary<\/li>\n\n\n\n<li>Modlitwa powszechna<\/li>\n<\/ul>\n\n\n\n<p>Liturgia ofiary (Eucharystyczna):<\/p>\n\n\n\n<ul class=\"wp-block-list\">\n<li>Przygotowanie dar\u00f3w ofiarnych<\/li>\n\n\n\n<li>Modlitwa Eucharystyczna<\/li>\n\n\n\n<li>Obrz\u0119dy komunijne<\/li>\n<\/ul>\n\n\n\n<p>Obrz\u0119dy ko\u0144cowe:<\/p>\n\n\n\n<ul class=\"wp-block-list\">\n<li>Og\u0142oszenia duszpasterskie<\/li>\n\n\n\n<li>Pozdrowienie wiernych i b\u0142ogos\u0142awie\u0144stwo<\/li>\n\n\n\n<li>Rozes\u0142anie<\/li>\n<\/ul>\n","protected":false},"excerpt":{"rendered":"<p>Msza \u015bwi\u0119ta sk\u0142ada si\u0119 z dw\u00f3ch cz\u0119\u015bci: z Liturgii S\u0142owa i Liturgii Eucharystycznej \u015bci\u015ble ze sob\u0105 po\u0142\u0105czonych, tworz\u0105cych razem jeden akt kultu. Pozosta\u0142e obrz\u0119dy rozpoczynaj\u0105 i ko\u0144cz\u0105 liturgi\u0119 mszaln\u0105. Poszczeg\u00f3lne cz\u0119\u015bci Mszy \u015awi\u0119tej obejmuj\u0105 r\u00f3\u017cne elementy: modlitwy, czytania, pozdrowienia, aklamacje, obrz\u0119dy, znaki i procesje. W pewnych momentach Mszy zachowujemy \u015bwi\u0119te milczenie. Obrz\u0119dy wst\u0119pne: Liturgia S\u0142owa [&hellip;]<\/p>\n","protected":false},"author":1,"featured_media":0,"parent":4853,"menu_order":0,"comment_status":"closed","ping_status":"closed","template":"","meta":{"ngg_post_thumbnail":0,"footnotes":""},"class_list":["post-4857","page","type-page","status-publish","hentry"],"blocksy_meta":[],"_links":{"self":[{"href":"https:\/\/www.ministranci.katowice.pl\/index.php?rest_route=\/wp\/v2\/pages\/4857","targetHints":{"allow":["GET"]}}],"collection":[{"href":"https:\/\/www.ministranci.katowice.pl\/index.php?rest_route=\/wp\/v2\/pages"}],"about":[{"href":"https:\/\/www.ministranci.katowice.pl\/index.php?rest_route=\/wp\/v2\/types\/page"}],"author":[{"embeddable":true,"href":"https:\/\/www.ministranci.katowice.pl\/index.php?rest_route=\/wp\/v2\/users\/1"}],"replies":[{"embeddable":true,"href":"https:\/\/www.ministranci.katowice.pl\/index.php?rest_route=%2Fwp%2Fv2%2Fcomments&post=4857"}],"version-history":[{"count":1,"href":"https:\/\/www.ministranci.katowice.pl\/index.php?rest_route=\/wp\/v2\/pages\/4857\/revisions"}],"predecessor-version":[{"id":4858,"href":"https:\/\/www.ministranci.katowice.pl\/index.php?rest_route=\/wp\/v2\/pages\/4857\/revisions\/4858"}],"up":[{"embeddable":true,"href":"https:\/\/www.ministranci.katowice.pl\/index.php?rest_route=\/wp\/v2\/pages\/4853"}],"wp:attachment":[{"href":"https:\/\/www.ministranci.katowice.pl\/index.php?rest_route=%2Fwp%2Fv2%2Fmedia&parent=4857"}],"curies":[{"name":"wp","href":"https:\/\/api.w.org\/{rel}","templated":true}]}}