{"id":4855,"date":"2025-12-27T18:31:14","date_gmt":"2025-12-27T17:31:14","guid":{"rendered":"https:\/\/www.ministranci.katowice.pl\/?page_id=4855"},"modified":"2025-12-27T18:35:02","modified_gmt":"2025-12-27T17:35:02","slug":"hymn-ministrantow","status":"publish","type":"page","link":"https:\/\/www.ministranci.katowice.pl\/?page_id=4855","title":{"rendered":"Hymn Ministrant\u00f3w"},"content":{"rendered":"\n<h4 class=\"wp-block-heading\">Hymn \u2013 Kr\u00f3luj nam Chryste<\/h4>\n\n\n\n<p>1. Kr\u00f3luj nam Chryste, zawsze i wsz\u0119dzie,<br>to nasze rycerskie has\u0142o.<br>Ono nas zawsze prowadzi\u0107 b\u0119dzie<br>I \u015bwieci\u0107 jak s\u0142o\u0144ce jasno.<\/p>\n\n\n\n<p>2. Naprz\u00f3d przebojem m\u0142odzi rycerze,<br>Do walki z grzechem swej duszy.<br>Wodzem nam Jezus w hostii ukryty,<br>Z nim w b\u00f3j nasz zast\u0119p wyruszy.<\/p>\n\n\n\n<p>3. P\u00f3jdziemy naprz\u00f3d, naprz\u00f3d rado\u015bnie,<br>Podnosz\u0105c w g\u00f3r\u0119 swe czo\u0142a.<br>Przed nami \u017cycie rozkwita w wio\u015bnie,<br>Odwa\u017cnie, bo Jezus wo\u0142a.<\/p>\n","protected":false},"excerpt":{"rendered":"<p>Hymn \u2013 Kr\u00f3luj nam Chryste 1. Kr\u00f3luj nam Chryste, zawsze i wsz\u0119dzie,to nasze rycerskie has\u0142o.Ono nas zawsze prowadzi\u0107 b\u0119dzieI \u015bwieci\u0107 jak s\u0142o\u0144ce jasno. 2. Naprz\u00f3d przebojem m\u0142odzi rycerze,Do walki z grzechem swej duszy.Wodzem nam Jezus w hostii ukryty,Z nim w b\u00f3j nasz zast\u0119p wyruszy. 3. P\u00f3jdziemy naprz\u00f3d, naprz\u00f3d rado\u015bnie,Podnosz\u0105c w g\u00f3r\u0119 swe czo\u0142a.Przed nami \u017cycie [&hellip;]<\/p>\n","protected":false},"author":1,"featured_media":0,"parent":4853,"menu_order":0,"comment_status":"closed","ping_status":"closed","template":"","meta":{"ngg_post_thumbnail":0,"footnotes":""},"class_list":["post-4855","page","type-page","status-publish","hentry"],"blocksy_meta":[],"_links":{"self":[{"href":"https:\/\/www.ministranci.katowice.pl\/index.php?rest_route=\/wp\/v2\/pages\/4855","targetHints":{"allow":["GET"]}}],"collection":[{"href":"https:\/\/www.ministranci.katowice.pl\/index.php?rest_route=\/wp\/v2\/pages"}],"about":[{"href":"https:\/\/www.ministranci.katowice.pl\/index.php?rest_route=\/wp\/v2\/types\/page"}],"author":[{"embeddable":true,"href":"https:\/\/www.ministranci.katowice.pl\/index.php?rest_route=\/wp\/v2\/users\/1"}],"replies":[{"embeddable":true,"href":"https:\/\/www.ministranci.katowice.pl\/index.php?rest_route=%2Fwp%2Fv2%2Fcomments&post=4855"}],"version-history":[{"count":1,"href":"https:\/\/www.ministranci.katowice.pl\/index.php?rest_route=\/wp\/v2\/pages\/4855\/revisions"}],"predecessor-version":[{"id":4856,"href":"https:\/\/www.ministranci.katowice.pl\/index.php?rest_route=\/wp\/v2\/pages\/4855\/revisions\/4856"}],"up":[{"embeddable":true,"href":"https:\/\/www.ministranci.katowice.pl\/index.php?rest_route=\/wp\/v2\/pages\/4853"}],"wp:attachment":[{"href":"https:\/\/www.ministranci.katowice.pl\/index.php?rest_route=%2Fwp%2Fv2%2Fmedia&parent=4855"}],"curies":[{"name":"wp","href":"https:\/\/api.w.org\/{rel}","templated":true}]}}