{"id":4526,"date":"2024-09-17T23:00:07","date_gmt":"2024-09-17T22:00:07","guid":{"rendered":"http:\/\/www.ministranci.katowice.pl\/?page_id=4526"},"modified":"2024-09-18T09:40:55","modified_gmt":"2024-09-18T08:40:55","slug":"weryfikacja-konta","status":"publish","type":"page","link":"https:\/\/www.ministranci.katowice.pl\/?page_id=4526","title":{"rendered":"Weryfikacja konta"},"content":{"rendered":"\n<p><strong>Weryfikacja konta na stronie www.ministranci.katowice.pl<\/strong><\/p>\n\n\n\n<p>Aby zapewni\u0107 bezpiecze\u0144stwo i odpowiedni poziom dost\u0119pu do zasob\u00f3w oraz funkcji strony, proces weryfikacji konta obejmuje nast\u0119puj\u0105ce kroki:<\/p>\n\n\n\n<p><strong>1. Rejestracja konta<\/strong><\/p>\n\n\n\n<p>Podczas rejestracji na stronie, u\u017cytkownik jest zobowi\u0105zany do podania podstawowych danych osobowych, takich jak:<\/p>\n\n\n\n<p>\u2022 Imi\u0119 i nazwisko,<br>\u2022 Nazwa u\u017cytkownika,<br>\u2022 Adres e-mail.<\/p>\n\n\n\n<p><strong>2. Weryfikacja konta<\/strong><\/p>\n\n\n\n<p>W przypadku, gdy strona wymaga dodatkowej weryfikacji, np. dla lider\u00f3w grup ministranckich lub os\u00f3b maj\u0105cych dost\u0119p do zaawansowanych funkcji serwisu, administrator strony mo\u017ce skontaktowa\u0107 si\u0119 z danym u\u017cytkownikiem w celu potwierdzenia przynale\u017cno\u015bci u\u017cytkownika.<\/p>\n\n\n\n<p><strong>3. Akceptacja przez administratora<\/strong><\/p>\n\n\n\n<p>Niekt\u00f3re konta mog\u0105 wymaga\u0107 zatwierdzenia przez administratora strony. Po rejestracji u\u017cytkownik zostanie powiadomiony, gdy jego konto zostanie zweryfikowane i zatwierdzone.<\/p>\n\n\n\n<p><strong>4. Ochrona danych<\/strong><\/p>\n\n\n\n<p>Podczas procesu weryfikacji dane u\u017cytkownik\u00f3w s\u0105 chronione zgodnie z polityk\u0105 prywatno\u015bci strony oraz obowi\u0105zuj\u0105cymi przepisami RODO.<\/p>\n\n\n\n<p>Je\u015bli napotkasz problemy z weryfikacj\u0105 konta, prosimy o kontakt z administratorem strony pod adresem: <a href=\"mailto:kontakt@ministranci.katowice.pl\">kontakt@ministranci.katowice.pl<\/a>.<\/p>\n\n\n\n<p>Ten proces weryfikacji zapewnia bezpiecze\u0144stwo i ochron\u0119 przed nieautoryzowanym dost\u0119pem do zasob\u00f3w strony.<\/p>\n\n\n\n<p><\/p>\n","protected":false},"excerpt":{"rendered":"<p>Weryfikacja konta na stronie www.ministranci.katowice.pl Aby zapewni\u0107 bezpiecze\u0144stwo i odpowiedni poziom dost\u0119pu do zasob\u00f3w oraz funkcji strony, proces weryfikacji konta obejmuje nast\u0119puj\u0105ce kroki: 1. Rejestracja konta Podczas rejestracji na stronie, u\u017cytkownik jest zobowi\u0105zany do podania podstawowych danych osobowych, takich jak: \u2022 Imi\u0119 i nazwisko,\u2022 Nazwa u\u017cytkownika,\u2022 Adres e-mail. 2. Weryfikacja konta W przypadku, gdy strona [&hellip;]<\/p>\n","protected":false},"author":1,"featured_media":0,"parent":0,"menu_order":0,"comment_status":"closed","ping_status":"closed","template":"","meta":{"ngg_post_thumbnail":0,"footnotes":""},"class_list":["post-4526","page","type-page","status-publish","hentry"],"blocksy_meta":[],"_links":{"self":[{"href":"https:\/\/www.ministranci.katowice.pl\/index.php?rest_route=\/wp\/v2\/pages\/4526","targetHints":{"allow":["GET"]}}],"collection":[{"href":"https:\/\/www.ministranci.katowice.pl\/index.php?rest_route=\/wp\/v2\/pages"}],"about":[{"href":"https:\/\/www.ministranci.katowice.pl\/index.php?rest_route=\/wp\/v2\/types\/page"}],"author":[{"embeddable":true,"href":"https:\/\/www.ministranci.katowice.pl\/index.php?rest_route=\/wp\/v2\/users\/1"}],"replies":[{"embeddable":true,"href":"https:\/\/www.ministranci.katowice.pl\/index.php?rest_route=%2Fwp%2Fv2%2Fcomments&post=4526"}],"version-history":[{"count":5,"href":"https:\/\/www.ministranci.katowice.pl\/index.php?rest_route=\/wp\/v2\/pages\/4526\/revisions"}],"predecessor-version":[{"id":4552,"href":"https:\/\/www.ministranci.katowice.pl\/index.php?rest_route=\/wp\/v2\/pages\/4526\/revisions\/4552"}],"wp:attachment":[{"href":"https:\/\/www.ministranci.katowice.pl\/index.php?rest_route=%2Fwp%2Fv2%2Fmedia&parent=4526"}],"curies":[{"name":"wp","href":"https:\/\/api.w.org\/{rel}","templated":true}]}}