{"id":4520,"date":"2024-09-17T22:28:37","date_gmt":"2024-09-17T21:28:37","guid":{"rendered":"http:\/\/www.ministranci.katowice.pl\/?page_id=4520"},"modified":"2025-12-27T16:03:29","modified_gmt":"2025-12-27T15:03:29","slug":"dostep","status":"publish","type":"page","link":"https:\/\/www.ministranci.katowice.pl\/?page_id=4520","title":{"rendered":"Dost\u0119p"},"content":{"rendered":"<div class=\"members-access-error\">Ta strona jest dost\u0119pna tylko dla u\u017cytkownik\u00f3w o odpowiedniej randze.<br \/>\nJe\u015bli uwa\u017casz, \u017ce powiniene\u015b mie\u0107 do niej dost\u0119p, skontaktuj si\u0119 z administratorem.<\/p>\n<p>Przepraszamy, ta tre\u015b\u0107 jest ograniczona.<br \/>\n<a href=\"https:\/\/www.ministranci.katowice.pl\/wp-login.php\">Zaloguj si\u0119<\/a>, aby uzyska\u0107 dost\u0119p.<\/div>\n","protected":false},"excerpt":{"rendered":"<div class=\"members-access-error\">Ta strona jest dost\u0119pna tylko dla u\u017cytkownik\u00f3w o odpowiedniej randze.<br \/>\nJe\u015bli uwa\u017casz, \u017ce powiniene\u015b mie\u0107 do niej dost\u0119p, skontaktuj si\u0119 z administratorem.<\/p>\n<p>Przepraszamy, ta tre\u015b\u0107 jest ograniczona.<br \/>\n<a href=\"https:\/\/www.ministranci.katowice.pl\/wp-login.php\">Zaloguj si\u0119<\/a>, aby uzyska\u0107 dost\u0119p.<\/div>\n","protected":false},"author":1,"featured_media":0,"parent":0,"menu_order":0,"comment_status":"closed","ping_status":"closed","template":"","meta":{"ngg_post_thumbnail":0,"footnotes":""},"class_list":["post-4520","page","type-page","status-publish","hentry"],"blocksy_meta":[],"_links":{"self":[{"href":"https:\/\/www.ministranci.katowice.pl\/index.php?rest_route=\/wp\/v2\/pages\/4520","targetHints":{"allow":["GET"]}}],"collection":[{"href":"https:\/\/www.ministranci.katowice.pl\/index.php?rest_route=\/wp\/v2\/pages"}],"about":[{"href":"https:\/\/www.ministranci.katowice.pl\/index.php?rest_route=\/wp\/v2\/types\/page"}],"author":[{"embeddable":true,"href":"https:\/\/www.ministranci.katowice.pl\/index.php?rest_route=\/wp\/v2\/users\/1"}],"replies":[{"embeddable":true,"href":"https:\/\/www.ministranci.katowice.pl\/index.php?rest_route=%2Fwp%2Fv2%2Fcomments&post=4520"}],"version-history":[{"count":3,"href":"https:\/\/www.ministranci.katowice.pl\/index.php?rest_route=\/wp\/v2\/pages\/4520\/revisions"}],"predecessor-version":[{"id":4680,"href":"https:\/\/www.ministranci.katowice.pl\/index.php?rest_route=\/wp\/v2\/pages\/4520\/revisions\/4680"}],"wp:attachment":[{"href":"https:\/\/www.ministranci.katowice.pl\/index.php?rest_route=%2Fwp%2Fv2%2Fmedia&parent=4520"}],"curies":[{"name":"wp","href":"https:\/\/api.w.org\/{rel}","templated":true}]}}