{"id":4301,"date":"2023-12-17T19:20:48","date_gmt":"2023-12-17T18:20:48","guid":{"rendered":"http:\/\/www.ministranci.katowice.pl\/?page_id=4301"},"modified":"2026-01-06T18:27:00","modified_gmt":"2026-01-06T17:27:00","slug":"odliczanie","status":"publish","type":"page","link":"https:\/\/www.ministranci.katowice.pl\/?page_id=4301","title":{"rendered":"ODLICZANIE"},"content":{"rendered":"\n<p class=\"has-text-align-center has-x-large-font-size\"><strong>NOWY ROK<\/strong> 2026\/2027<\/p>\n\n\n\n<iframe loading=\"lazy\" id=\"online-alarm-kur-iframe\" src=\"https:\/\/embed-countdown.onlinealarmkur.com\/pl\/#2027-01-01T00:00:00@Europe%2FWarsaw\" width=\"360\" height=\"180\" style=\"display: block; margin: 0px auto; border: 0px;\"><\/iframe>\n\n\n\n<hr class=\"wp-block-separator has-alpha-channel-opacity\"\/>\n\n\n\n<p class=\"has-text-align-center has-x-large-font-size\"><strong>Trzech Kr\u00f3li<\/strong> 2027<\/p>\n\n\n\n<iframe loading=\"lazy\" id=\"online-alarm-kur-iframe\" src=\"https:\/\/embed-countdown.onlinealarmkur.com\/pl\/#2027-01-06T00:00:00@Europe%2FWarsaw\" width=\"360\" height=\"180\" style=\"display: block; margin: 0px auto; border: 0px;\"><\/iframe>\n\n\n\n<hr class=\"wp-block-separator has-alpha-channel-opacity\"\/>\n\n\n\n<p class=\"has-text-align-center has-x-large-font-size\"><strong>Walentynki<\/strong> 2026<\/p>\n\n\n\n<iframe loading=\"lazy\" id=\"online-alarm-kur-iframe\" src=\"https:\/\/embed-countdown.onlinealarmkur.com\/pl\/#2026-02-14T00:00:00@Europe%2FWarsaw\" width=\"360\" height=\"180\" style=\"display: block; margin: 0px auto; border: 0px;\"><\/iframe>\n\n\n\n<hr class=\"wp-block-separator has-alpha-channel-opacity\"\/>\n\n\n\n<p class=\"has-text-align-center has-x-large-font-size\"><strong>T\u0142usty Czwartek<\/strong> 2026<\/p>\n\n\n\n<iframe loading=\"lazy\" id=\"online-alarm-kur-iframe\" src=\"https:\/\/embed-countdown.onlinealarmkur.com\/pl\/#2026-02-12T00:00:00@Europe%2FWarsaw\" width=\"360\" height=\"180\" style=\"display: block; margin: 0px auto; border: 0px;\"><\/iframe>\n\n\n\n<hr class=\"wp-block-separator has-alpha-channel-opacity\"\/>\n\n\n\n<p class=\"has-text-align-center has-x-large-font-size\"><strong>Popielec<\/strong> 2026<\/p>\n\n\n\n<iframe loading=\"lazy\" id=\"online-alarm-kur-iframe\" src=\"https:\/\/embed-countdown.onlinealarmkur.com\/pl\/#2026-02-18T00:00:00@Europe%2FWarsaw\" width=\"360\" height=\"180\" style=\"display: block; margin: 0px auto; border: 0px;\"><\/iframe>\n\n\n\n<hr class=\"wp-block-separator has-alpha-channel-opacity\"\/>\n\n\n\n<p class=\"has-text-align-center has-x-large-font-size\"><strong>Wielkanoc<\/strong> 2026<\/p>\n\n\n\n<iframe loading=\"lazy\" id=\"online-alarm-kur-iframe\" src=\"https:\/\/embed-countdown.onlinealarmkur.com\/pl\/#2026-04-05T00:00:00@Europe%2FWarsaw\" width=\"360\" height=\"180\" style=\"display: block; margin: 0px auto; border: 0px;\"><\/iframe>\n\n\n\n<hr class=\"wp-block-separator has-alpha-channel-opacity\"\/>\n\n\n\n<p class=\"has-text-align-center has-x-large-font-size\"><strong>Bo\u017ce Cia\u0142o<\/strong> 2026<\/p>\n\n\n\n<iframe loading=\"lazy\" id=\"online-alarm-kur-iframe\" src=\"https:\/\/embed-countdown.onlinealarmkur.com\/pl\/#2026-06-04T00:00:00@Europe%2FWarsaw\" width=\"360\" height=\"180\" style=\"display: block; margin: 0px auto; border: 0px;\"><\/iframe>\n\n\n\n<hr class=\"wp-block-separator has-alpha-channel-opacity\"\/>\n\n\n\n<p class=\"has-text-align-center has-x-large-font-size\"><strong>Pocz\u0105tek Wakacji<\/strong> 2026<\/p>\n\n\n\n<iframe loading=\"lazy\" id=\"online-alarm-kur-iframe\" src=\"https:\/\/embed-countdown.onlinealarmkur.com\/pl\/#2026-06-26T12:00:00@Europe%2FWarsaw\" width=\"360\" height=\"180\" style=\"display: block; margin: 0px auto; border: 0px;\"><\/iframe>\n\n\n\n<hr class=\"wp-block-separator has-alpha-channel-opacity\"\/>\n\n\n\n<p class=\"has-text-align-center has-x-large-font-size\"><strong>Rozpocz\u0119cie Roku Szkolnego<\/strong> 2026\/2027<\/p>\n\n\n\n<iframe loading=\"lazy\" id=\"online-alarm-kur-iframe\" src=\"https:\/\/embed-countdown.onlinealarmkur.com\/pl\/#2026-09-01T00:00:00@Europe%2FWarsaw\" width=\"360\" height=\"180\" style=\"display: block; margin: 0px auto; border: 0px;\"><\/iframe>\n\n\n\n<hr class=\"wp-block-separator has-alpha-channel-opacity\"\/>\n\n\n\n<p class=\"has-text-align-center has-x-large-font-size\"><strong>Wszystkich \u015awi\u0119tych<\/strong> 2026<\/p>\n\n\n\n<iframe loading=\"lazy\" id=\"online-alarm-kur-iframe\" src=\"https:\/\/embed-countdown.onlinealarmkur.com\/pl\/#2026-11-01T00:00:00@Europe%2FWarsaw\" width=\"360\" height=\"180\" style=\"display: block; margin: 0px auto; border: 0px;\"><\/iframe>\n\n\n\n<hr class=\"wp-block-separator has-alpha-channel-opacity\"\/>\n\n\n\n<p class=\"has-text-align-center has-x-large-font-size\"><strong>Miko\u0142ajki<\/strong> 2026<\/p>\n\n\n\n<iframe loading=\"lazy\" id=\"online-alarm-kur-iframe\" src=\"https:\/\/embed-countdown.onlinealarmkur.com\/pl\/#2026-12-06T00:00:00@Europe%2FWarsaw\" width=\"360\" height=\"180\" style=\"display: block; margin: 0px auto; border: 0px;\"><\/iframe>\n\n\n\n<hr class=\"wp-block-separator has-alpha-channel-opacity\"\/>\n\n\n\n<p class=\"has-text-align-center has-x-large-font-size\"><strong>Bo\u017ce Narodzenie<\/strong> 2026<\/p>\n\n\n\n<iframe loading=\"lazy\" id=\"online-alarm-kur-iframe\" src=\"https:\/\/embed-countdown.onlinealarmkur.com\/pl\/#2026-12-25T00:00:00@Europe%2FWarsaw\" width=\"360\" height=\"180\" style=\"display: block; margin: 0px auto; border: 0px;\"><\/iframe>\n\n\n\n<p><\/p>\n","protected":false},"excerpt":{"rendered":"<p>NOWY ROK 2026\/2027 Trzech Kr\u00f3li 2027 Walentynki 2026 T\u0142usty Czwartek 2026 Popielec 2026 Wielkanoc 2026 Bo\u017ce Cia\u0142o 2026 Pocz\u0105tek Wakacji 2026 Rozpocz\u0119cie Roku Szkolnego 2026\/2027 Wszystkich \u015awi\u0119tych 2026 Miko\u0142ajki 2026 Bo\u017ce Narodzenie 2026<\/p>\n","protected":false},"author":1,"featured_media":0,"parent":0,"menu_order":0,"comment_status":"closed","ping_status":"closed","template":"","meta":{"ngg_post_thumbnail":0,"footnotes":""},"class_list":["post-4301","page","type-page","status-publish","hentry"],"blocksy_meta":[],"_links":{"self":[{"href":"https:\/\/www.ministranci.katowice.pl\/index.php?rest_route=\/wp\/v2\/pages\/4301","targetHints":{"allow":["GET"]}}],"collection":[{"href":"https:\/\/www.ministranci.katowice.pl\/index.php?rest_route=\/wp\/v2\/pages"}],"about":[{"href":"https:\/\/www.ministranci.katowice.pl\/index.php?rest_route=\/wp\/v2\/types\/page"}],"author":[{"embeddable":true,"href":"https:\/\/www.ministranci.katowice.pl\/index.php?rest_route=\/wp\/v2\/users\/1"}],"replies":[{"embeddable":true,"href":"https:\/\/www.ministranci.katowice.pl\/index.php?rest_route=%2Fwp%2Fv2%2Fcomments&post=4301"}],"version-history":[{"count":24,"href":"https:\/\/www.ministranci.katowice.pl\/index.php?rest_route=\/wp\/v2\/pages\/4301\/revisions"}],"predecessor-version":[{"id":4921,"href":"https:\/\/www.ministranci.katowice.pl\/index.php?rest_route=\/wp\/v2\/pages\/4301\/revisions\/4921"}],"wp:attachment":[{"href":"https:\/\/www.ministranci.katowice.pl\/index.php?rest_route=%2Fwp%2Fv2%2Fmedia&parent=4301"}],"curies":[{"name":"wp","href":"https:\/\/api.w.org\/{rel}","templated":true}]}}