{"id":10,"date":"2019-03-15T16:17:46","date_gmt":"2019-03-15T16:17:46","guid":{"rendered":"http:\/\/mati2001.webd.pro\/?page_id=10"},"modified":"2024-09-17T20:30:57","modified_gmt":"2024-09-17T19:30:57","slug":"contact","status":"publish","type":"page","link":"https:\/\/www.ministranci.katowice.pl\/?page_id=10","title":{"rendered":"Kontakt"},"content":{"rendered":"\n<div class=\"wp-block-buttons is-layout-flex wp-block-buttons-is-layout-flex\">\n<div class=\"wp-block-button\"><a class=\"wp-block-button__link wp-element-button\" href=\"https:\/\/www.ministranci.katowice.pl\/\">Powr\u00f3t do strony g\u0142\u00f3wnej<\/a><\/div>\n<\/div>\n\n\n\n<hr class=\"wp-block-separator has-alpha-channel-opacity\"\/>\n\n\n\n<div class=\"wp-block-columns has-2-columns is-layout-flex wp-container-core-columns-is-layout-28f84493 wp-block-columns-is-layout-flex\">\n<div class=\"wp-block-column is-layout-flow wp-block-column-is-layout-flow\">\n<p class=\"has-text-align-center has-black-color has-light-green-cyan-background-color has-text-color has-background\"><strong>Kontakt z administratorem strony internetowej:<\/strong><br>Mateusz Mol<br>telefon: <a href=\"tel:+48518828441\" data-type=\"tel\" data-id=\"tel:+48518828441\">+48 518 828 441<\/a><br>e-mail: <a href=\"mailto:kontakt@ministranci.katowice.pl\">kontakt@ministranci.katowice.pl<\/a><\/p>\n<\/div>\n<\/div>\n\n\n\n<p><\/p>\n","protected":false},"excerpt":{"rendered":"<p>Kontakt z administratorem strony internetowej:Mateusz Moltelefon: +48 518 828 441e-mail: kontakt@ministranci.katowice.pl<\/p>\n","protected":false},"author":1,"featured_media":0,"parent":0,"menu_order":0,"comment_status":"closed","ping_status":"closed","template":"","meta":{"ngg_post_thumbnail":0,"footnotes":""},"class_list":["post-10","page","type-page","status-publish","hentry"],"blocksy_meta":{"styles_descriptor":{"styles":{"desktop":"","tablet":"","mobile":""},"google_fonts":[],"version":6}},"_links":{"self":[{"href":"https:\/\/www.ministranci.katowice.pl\/index.php?rest_route=\/wp\/v2\/pages\/10","targetHints":{"allow":["GET"]}}],"collection":[{"href":"https:\/\/www.ministranci.katowice.pl\/index.php?rest_route=\/wp\/v2\/pages"}],"about":[{"href":"https:\/\/www.ministranci.katowice.pl\/index.php?rest_route=\/wp\/v2\/types\/page"}],"author":[{"embeddable":true,"href":"https:\/\/www.ministranci.katowice.pl\/index.php?rest_route=\/wp\/v2\/users\/1"}],"replies":[{"embeddable":true,"href":"https:\/\/www.ministranci.katowice.pl\/index.php?rest_route=%2Fwp%2Fv2%2Fcomments&post=10"}],"version-history":[{"count":27,"href":"https:\/\/www.ministranci.katowice.pl\/index.php?rest_route=\/wp\/v2\/pages\/10\/revisions"}],"predecessor-version":[{"id":4478,"href":"https:\/\/www.ministranci.katowice.pl\/index.php?rest_route=\/wp\/v2\/pages\/10\/revisions\/4478"}],"wp:attachment":[{"href":"https:\/\/www.ministranci.katowice.pl\/index.php?rest_route=%2Fwp%2Fv2%2Fmedia&parent=10"}],"curies":[{"name":"wp","href":"https:\/\/api.w.org\/{rel}","templated":true}]}}